{"id":1983,"date":"2024-03-29T15:43:27","date_gmt":"2024-03-29T14:43:27","guid":{"rendered":"https:\/\/elementor.local\/?page_id=1983"},"modified":"2025-05-26T16:02:50","modified_gmt":"2025-05-26T15:02:50","slug":"mentions-legales","status":"publish","type":"page","link":"https:\/\/backtomac.fr\/static\/mentions-legales\/","title":{"rendered":"Mentions l\u00e9gales"},"content":{"rendered":"\t\t<div data-elementor-type=\"wp-page\" data-elementor-id=\"1983\" class=\"elementor elementor-1983\" data-elementor-post-type=\"page\">\n\t\t\t\t<div class=\"elementor-element elementor-element-2c1e4e5e e-flex e-con-boxed e-con e-parent\" data-id=\"2c1e4e5e\" data-element_type=\"container\" data-settings=\"{&quot;background_background&quot;:&quot;classic&quot;}\">\n\t\t\t\t\t<div class=\"e-con-inner\">\n\t\t\t\t<div class=\"elementor-element elementor-element-2e989652 elementor-widget elementor-widget-heading\" data-id=\"2e989652\" data-element_type=\"widget\" data-widget_type=\"heading.default\">\n\t\t\t\t<div class=\"elementor-widget-container\">\n\t\t\t<style>\/*! elementor - v3.22.0 - 24-06-2024 *\/\n.elementor-heading-title{padding:0;margin:0;line-height:1}.elementor-widget-heading .elementor-heading-title[class*=elementor-size-]>a{color:inherit;font-size:inherit;line-height:inherit}.elementor-widget-heading .elementor-heading-title.elementor-size-small{font-size:15px}.elementor-widget-heading .elementor-heading-title.elementor-size-medium{font-size:19px}.elementor-widget-heading .elementor-heading-title.elementor-size-large{font-size:29px}.elementor-widget-heading .elementor-heading-title.elementor-size-xl{font-size:39px}.elementor-widget-heading .elementor-heading-title.elementor-size-xxl{font-size:59px}<\/style><h3 class=\"elementor-heading-title elementor-size-default\">Mentions L\u00e9gales<\/h3>\t\t<\/div>\n\t\t\t\t<\/div>\n\t\t\t\t\t<\/div>\n\t\t\t\t<\/div>\n\t\t<div class=\"elementor-element elementor-element-9a1bab8 e-con-full btm-section-width e-flex e-con e-parent\" data-id=\"9a1bab8\" data-element_type=\"container\">\n\t\t\t\t<div class=\"elementor-element elementor-element-e8dfbe6 elementor-widget elementor-widget-text-editor\" data-id=\"e8dfbe6\" data-element_type=\"widget\" data-widget_type=\"text-editor.default\">\n\t\t\t\t<div class=\"elementor-widget-container\">\n\t\t\t<style>\/*! elementor - v3.22.0 - 24-06-2024 *\/\n.elementor-widget-text-editor.elementor-drop-cap-view-stacked .elementor-drop-cap{background-color:#69727d;color:#fff}.elementor-widget-text-editor.elementor-drop-cap-view-framed .elementor-drop-cap{color:#69727d;border:3px solid;background-color:transparent}.elementor-widget-text-editor:not(.elementor-drop-cap-view-default) .elementor-drop-cap{margin-top:8px}.elementor-widget-text-editor:not(.elementor-drop-cap-view-default) .elementor-drop-cap-letter{width:1em;height:1em}.elementor-widget-text-editor .elementor-drop-cap{float:left;text-align:center;line-height:1;font-size:50px}.elementor-widget-text-editor .elementor-drop-cap-letter{display:inline-block}<\/style>\t\t\t\t<p><strong>Nom social et forme juridique\u00a0:<\/strong> SAS Backtomac<\/p><p><strong>Adresse postale du si\u00e8ge\u00a0:<\/strong> 9 Rue de la Motte d\u2019Ille 35830, Betton<\/p><p><strong>SIRET :<\/strong> <span data-teams=\"true\">938 624 152 00014<\/span><\/p><p><strong>Num\u00e9ro de TVA intracommunautaire : <\/strong>FR07 938 624 152<\/p><p><strong>Capital Social :<\/strong> 60\u00a0000 \u20ac<\/p><p>\u00a0<\/p><p><strong>Num\u00e9ro de t\u00e9l\u00e9phone :<\/strong> 09 78 81 02 07<\/p><p><strong>Adresse courriel\u00a0:<\/strong>\u00a0contact@backtomac.fr<\/p><p>\u00a0<\/p><p><strong>Direction :<\/strong> Amine Kali, CEO<\/p><p><strong>Directeur de la publication :<\/strong> Akima Kali, CMO<\/p><p>\u00a0<\/p><p><strong>Nom de l\u2019h\u00e9bergeur\u00a0:<\/strong> IONOS SARL<\/p><p><strong>Adresse de l\u2019h\u00e9bergeur :<\/strong> 7 Pl. de la Gare, 57200 Sarreguemines<\/p><p><strong>Num\u00e9ro de t\u00e9l\u00e9phone de l\u2019h\u00e9bergeur\u00a0:<\/strong> 09 70 80 89 11<\/p><p>\u00a0<\/p><p>Afin d\u2019en savoir plus, n\u2019h\u00e9sitez pas \u00e0 aller voir notre <a style=\"color: #484331;\" href=\"https:\/\/backtomac.fr\/static\/politique-de-confidentialite\/\" data-wplink-edit=\"true\"><span style=\"text-decoration: underline;\"><strong>Politique<\/strong> <strong>de<\/strong><\/span><strong><span style=\"text-decoration: underline;\"> confidentialit\u00e9<\/span><\/strong><\/a> et notre <strong><a style=\"color: #484331; text-decoration: underline;\" href=\"https:\/\/backtomac.fr\/static\/politique-de-cookies\/\">Politique de Cookies<\/a>.<\/strong><\/p>\t\t\t\t\t\t<\/div>\n\t\t\t\t<\/div>\n\t\t\t\t<\/div>\n\t\t<div class=\"elementor-element elementor-element-e180511 e-con-full btm-section-width e-flex e-con e-child\" data-id=\"e180511\" data-element_type=\"container\">\n\t\t<div class=\"elementor-element elementor-element-be9b378 e-flex e-con-boxed e-con e-child\" data-id=\"be9b378\" data-element_type=\"container\" data-settings=\"{&quot;background_background&quot;:&quot;classic&quot;}\">\n\t\t\t\t\t<div class=\"e-con-inner\">\n\t\t\t\t\t<\/div>\n\t\t\t\t<\/div>\n\t\t\t\t<\/div>\n\t\t<div class=\"elementor-element elementor-element-e8d24ea elementor-hidden-desktop elementor-hidden-tablet elementor-hidden-mobile e-flex e-con-boxed e-con e-parent\" data-id=\"e8d24ea\" data-element_type=\"container\">\n\t\t\t\t\t<div class=\"e-con-inner\">\n\t\t<div class=\"elementor-element elementor-element-c90d8d2 e-flex e-con-boxed e-con e-child\" data-id=\"c90d8d2\" data-element_type=\"container\">\n\t\t\t\t\t<div class=\"e-con-inner\">\n\t\t\t\t<div class=\"elementor-element elementor-element-992009f elementor-widget elementor-widget-text-editor\" data-id=\"992009f\" data-element_type=\"widget\" data-widget_type=\"text-editor.default\">\n\t\t\t\t<div class=\"elementor-widget-container\">\n\t\t\t\t\t\t\t<p><strong>Nom social et forme juridique :<\/strong> Backtomac est une marque d\u00e9pos\u00e9e par la soci\u00e9t\u00e9 AMRSAI SAS<\/p>\t\t\t\t\t\t<\/div>\n\t\t\t\t<\/div>\n\t\t\t\t<div class=\"elementor-element elementor-element-d764459 elementor-widget elementor-widget-text-editor\" data-id=\"d764459\" data-element_type=\"widget\" data-widget_type=\"text-editor.default\">\n\t\t\t\t<div class=\"elementor-widget-container\">\n\t\t\t\t\t\t\t<p><strong>Adresse postale du si\u00e8ge : <\/strong>9 Rue de la Motte d\u2019Ille 35830, Betton<\/p>\t\t\t\t\t\t<\/div>\n\t\t\t\t<\/div>\n\t\t\t\t\t<\/div>\n\t\t\t\t<\/div>\n\t\t<div class=\"elementor-element elementor-element-1fe8605 e-flex e-con-boxed e-con e-child\" data-id=\"1fe8605\" data-element_type=\"container\">\n\t\t\t\t\t<div class=\"e-con-inner\">\n\t\t\t\t<div class=\"elementor-element elementor-element-04f547f elementor-widget elementor-widget-text-editor\" data-id=\"04f547f\" data-element_type=\"widget\" data-widget_type=\"text-editor.default\">\n\t\t\t\t<div class=\"elementor-widget-container\">\n\t\t\t\t\t\t\t<p><strong>Ville et num\u00e9ro du RCS : <\/strong>Rennes B 839 393 337<\/p>\t\t\t\t\t\t<\/div>\n\t\t\t\t<\/div>\n\t\t\t\t<div class=\"elementor-element elementor-element-6af4eee elementor-widget elementor-widget-text-editor\" data-id=\"6af4eee\" data-element_type=\"widget\" data-widget_type=\"text-editor.default\">\n\t\t\t\t<div class=\"elementor-widget-container\">\n\t\t\t\t\t\t\t<p><strong>Num\u00e9ro de TVA intracommunautaire : <\/strong>FR77839393337<\/p>\t\t\t\t\t\t<\/div>\n\t\t\t\t<\/div>\n\t\t\t\t\t<\/div>\n\t\t\t\t<\/div>\n\t\t<div class=\"elementor-element elementor-element-bc361ed e-flex e-con-boxed e-con e-child\" data-id=\"bc361ed\" data-element_type=\"container\">\n\t\t\t\t\t<div class=\"e-con-inner\">\n\t\t\t\t<div class=\"elementor-element elementor-element-eecb9a9 elementor-widget elementor-widget-text-editor\" data-id=\"eecb9a9\" data-element_type=\"widget\" data-widget_type=\"text-editor.default\">\n\t\t\t\t<div class=\"elementor-widget-container\">\n\t\t\t\t\t\t\t<p><strong>Num\u00e9ro de t\u00e9l\u00e9phone : <\/strong>07 45 26 31 10<\/p>\t\t\t\t\t\t<\/div>\n\t\t\t\t<\/div>\n\t\t\t\t<div class=\"elementor-element elementor-element-2e4582f elementor-widget elementor-widget-text-editor\" data-id=\"2e4582f\" data-element_type=\"widget\" data-widget_type=\"text-editor.default\">\n\t\t\t\t<div class=\"elementor-widget-container\">\n\t\t\t\t\t\t\t<strong>Adresse courriel : <\/strong><a style=\"color: black; text-decoration: underline;\" href=\"mailto:contact@backtomac.fr\">contact@backtomac.fr<\/a>\t\t\t\t\t\t<\/div>\n\t\t\t\t<\/div>\n\t\t\t\t\t<\/div>\n\t\t\t\t<\/div>\n\t\t<div class=\"elementor-element elementor-element-9bc3c35 e-flex e-con-boxed e-con e-child\" data-id=\"9bc3c35\" data-element_type=\"container\">\n\t\t\t\t\t<div class=\"e-con-inner\">\n\t\t\t\t<div class=\"elementor-element elementor-element-37254ed elementor-widget elementor-widget-text-editor\" data-id=\"37254ed\" data-element_type=\"widget\" data-widget_type=\"text-editor.default\">\n\t\t\t\t<div class=\"elementor-widget-container\">\n\t\t\t\t\t\t\t<p><strong>Direction : <\/strong>Amine Kali, CEO<\/p>\t\t\t\t\t\t<\/div>\n\t\t\t\t<\/div>\n\t\t\t\t<div class=\"elementor-element elementor-element-c7c8a0d elementor-widget elementor-widget-text-editor\" data-id=\"c7c8a0d\" data-element_type=\"widget\" data-widget_type=\"text-editor.default\">\n\t\t\t\t<div class=\"elementor-widget-container\">\n\t\t\t\t\t\t\t<p><strong>Directeur de la publication : <\/strong>Hakima Kali, CMO<\/p>\t\t\t\t\t\t<\/div>\n\t\t\t\t<\/div>\n\t\t\t\t\t<\/div>\n\t\t\t\t<\/div>\n\t\t<div class=\"elementor-element elementor-element-b4344a3 e-flex e-con-boxed e-con e-child\" data-id=\"b4344a3\" data-element_type=\"container\">\n\t\t\t\t\t<div class=\"e-con-inner\">\n\t\t\t\t<div class=\"elementor-element elementor-element-d154ca1 elementor-widget elementor-widget-text-editor\" data-id=\"d154ca1\" data-element_type=\"widget\" data-widget_type=\"text-editor.default\">\n\t\t\t\t<div class=\"elementor-widget-container\">\n\t\t\t\t\t\t\t<p><strong>Capital Social :<\/strong> 60 000 \u20ac<\/p>\t\t\t\t\t\t<\/div>\n\t\t\t\t<\/div>\n\t\t\t\t\t<\/div>\n\t\t\t\t<\/div>\n\t\t<div class=\"elementor-element elementor-element-c5d22db e-flex e-con-boxed e-con e-child\" data-id=\"c5d22db\" data-element_type=\"container\">\n\t\t\t\t\t<div class=\"e-con-inner\">\n\t\t\t\t<div class=\"elementor-element elementor-element-6f352f0 elementor-widget elementor-widget-text-editor\" data-id=\"6f352f0\" data-element_type=\"widget\" data-widget_type=\"text-editor.default\">\n\t\t\t\t<div class=\"elementor-widget-container\">\n\t\t\t\t\t\t\t<p><strong>Nom de l\u2019h\u00e9bergeur : <\/strong>IONOS SARL<\/p>\t\t\t\t\t\t<\/div>\n\t\t\t\t<\/div>\n\t\t\t\t<div class=\"elementor-element elementor-element-cadc80c elementor-widget elementor-widget-text-editor\" data-id=\"cadc80c\" data-element_type=\"widget\" data-widget_type=\"text-editor.default\">\n\t\t\t\t<div class=\"elementor-widget-container\">\n\t\t\t\t\t\t\t<p><strong>Adresse de l\u2019h\u00e9bergeur : <\/strong>7 Pl. de la Gare, 57200 Sarreguemines<\/p>\t\t\t\t\t\t<\/div>\n\t\t\t\t<\/div>\n\t\t\t\t<div class=\"elementor-element elementor-element-b6de0cb elementor-widget elementor-widget-text-editor\" data-id=\"b6de0cb\" data-element_type=\"widget\" data-widget_type=\"text-editor.default\">\n\t\t\t\t<div class=\"elementor-widget-container\">\n\t\t\t\t\t\t\t<p><strong>Num\u00e9ro de t\u00e9l\u00e9phone de l\u2019h\u00e9bergeur :\u00a0<\/strong>09 70 80 89 11<\/p>\t\t\t\t\t\t<\/div>\n\t\t\t\t<\/div>\n\t\t<div class=\"elementor-element elementor-element-83817d4 e-flex e-con-boxed e-con e-child\" data-id=\"83817d4\" data-element_type=\"container\">\n\t\t\t\t\t<div class=\"e-con-inner\">\n\t\t\t\t<div class=\"elementor-element elementor-element-b71db1e elementor-widget elementor-widget-text-editor\" data-id=\"b71db1e\" data-element_type=\"widget\" data-widget_type=\"text-editor.default\">\n\t\t\t\t<div class=\"elementor-widget-container\">\n\t\t\t\t\t\t\t<div>\u00a0<\/div><p>Afin d\u2019en savoir plus, n\u2019h\u00e9sitez pas \u00e0 aller voir notre <a style=\"color: black; text-decoration: underline;\" href=\"https:\/\/backtomac.fr\/static\/privacy-policy\/\" class=\"broken_link\">Politique de confidentialit\u00e9<\/a> et notre <a style=\"color: black; text-decoration: underline;\" href=\"https:\/\/backtomac.fr\/static\/cookie-policy\">Politique de Cookies<\/a>.<\/p>\t\t\t\t\t\t<\/div>\n\t\t\t\t<\/div>\n\t\t\t\t\t<\/div>\n\t\t\t\t<\/div>\n\t\t\t\t\t<\/div>\n\t\t\t\t<\/div>\n\t\t\t\t\t<\/div>\n\t\t\t\t<\/div>\n\t\t\t\t<\/div>\n\t\t","protected":false},"excerpt":{"rendered":"<p>Mentions L\u00e9gales Nom social et forme juridique\u00a0: SAS Backtomac Adresse postale du si\u00e8ge\u00a0: 9 Rue de la Motte d\u2019Ille 35830, Betton SIRET : 938 624 152 00014 Num\u00e9ro de TVA intracommunautaire : FR07 938 624 152 Capital Social : 60\u00a0000 \u20ac \u00a0 Num\u00e9ro de t\u00e9l\u00e9phone : 09 78 81 02 07 Adresse courriel\u00a0:\u00a0contact@backtomac.fr \u00a0 Direction [&hellip;]<\/p>\n","protected":false},"author":1,"featured_media":0,"parent":0,"menu_order":0,"comment_status":"closed","ping_status":"closed","template":"","meta":{"footnotes":""},"class_list":["post-1983","page","type-page","status-publish","hentry"],"yoast_head":"<!-- This site is optimized with the Yoast SEO plugin v22.9 - https:\/\/yoast.com\/wordpress\/plugins\/seo\/ -->\n<title>Mentions l\u00e9gales - Backtomac<\/title>\n<meta name=\"description\" content=\"Mentions l\u00e9gales - Backtomac -\" \/>\n<meta name=\"robots\" content=\"index, follow, max-snippet:-1, max-image-preview:large, max-video-preview:-1\" \/>\n<link rel=\"canonical\" href=\"https:\/\/backtomac.fr\/static\/mentions-legales\/\" \/>\n<meta property=\"og:locale\" content=\"en_US\" \/>\n<meta property=\"og:type\" content=\"article\" \/>\n<meta property=\"og:title\" content=\"Mentions l\u00e9gales - Backtomac\" \/>\n<meta property=\"og:description\" content=\"Mentions l\u00e9gales - Backtomac -\" \/>\n<meta property=\"og:url\" content=\"https:\/\/backtomac.fr\/static\/mentions-legales\/\" \/>\n<meta property=\"og:site_name\" content=\"Backtomac\" \/>\n<meta property=\"article:publisher\" content=\"https:\/\/www.facebook.com\/profile.php?id=61554837810833\" \/>\n<meta property=\"article:modified_time\" content=\"2025-05-26T15:02:50+00:00\" \/>\n<meta property=\"og:image\" content=\"https:\/\/backtomac.fr\/static\/wp-content\/uploads\/2024\/03\/btm.png\" \/>\n\t<meta property=\"og:image:width\" content=\"134\" \/>\n\t<meta property=\"og:image:height\" content=\"130\" \/>\n\t<meta property=\"og:image:type\" content=\"image\/png\" \/>\n<meta name=\"twitter:card\" content=\"summary_large_image\" \/>\n<meta name=\"twitter:label1\" content=\"Est. reading time\" \/>\n\t<meta name=\"twitter:data1\" content=\"1 minute\" \/>\n<script type=\"application\/ld+json\" class=\"yoast-schema-graph\">{\"@context\":\"https:\/\/schema.org\",\"@graph\":[{\"@type\":\"WebPage\",\"@id\":\"https:\/\/backtomac.fr\/static\/mentions-legales\/\",\"url\":\"https:\/\/backtomac.fr\/static\/mentions-legales\/\",\"name\":\"Mentions l\u00e9gales - Backtomac\",\"isPartOf\":{\"@id\":\"https:\/\/backtomac.fr\/static\/#website\"},\"datePublished\":\"2024-03-29T14:43:27+00:00\",\"dateModified\":\"2025-05-26T15:02:50+00:00\",\"description\":\"Mentions l\u00e9gales - Backtomac -\",\"breadcrumb\":{\"@id\":\"https:\/\/backtomac.fr\/static\/mentions-legales\/#breadcrumb\"},\"inLanguage\":\"en-US\",\"potentialAction\":[{\"@type\":\"ReadAction\",\"target\":[\"https:\/\/backtomac.fr\/static\/mentions-legales\/\"]}]},{\"@type\":\"BreadcrumbList\",\"@id\":\"https:\/\/backtomac.fr\/static\/mentions-legales\/#breadcrumb\",\"itemListElement\":[{\"@type\":\"ListItem\",\"position\":1,\"name\":\"Home\",\"item\":\"https:\/\/backtomac.fr\/static\/\"},{\"@type\":\"ListItem\",\"position\":2,\"name\":\"Mentions l\u00e9gales\"}]},{\"@type\":\"WebSite\",\"@id\":\"https:\/\/backtomac.fr\/static\/#website\",\"url\":\"https:\/\/backtomac.fr\/static\/\",\"name\":\"Backtomac\",\"description\":\"Expert en reconditionnement de Macs\",\"publisher\":{\"@id\":\"https:\/\/backtomac.fr\/static\/#organization\"},\"potentialAction\":[{\"@type\":\"SearchAction\",\"target\":{\"@type\":\"EntryPoint\",\"urlTemplate\":\"https:\/\/backtomac.fr\/static\/?s={search_term_string}\"},\"query-input\":\"required name=search_term_string\"}],\"inLanguage\":\"en-US\"},{\"@type\":\"Organization\",\"@id\":\"https:\/\/backtomac.fr\/static\/#organization\",\"name\":\"Back To Mac\",\"alternateName\":\"BTM\",\"url\":\"https:\/\/backtomac.fr\/static\/\",\"logo\":{\"@type\":\"ImageObject\",\"inLanguage\":\"en-US\",\"@id\":\"https:\/\/backtomac.fr\/static\/#\/schema\/logo\/image\/\",\"url\":\"https:\/\/backtomac.fr\/static\/wp-content\/uploads\/2024\/03\/btm.png\",\"contentUrl\":\"https:\/\/backtomac.fr\/static\/wp-content\/uploads\/2024\/03\/btm.png\",\"width\":134,\"height\":130,\"caption\":\"Back To Mac\"},\"image\":{\"@id\":\"https:\/\/backtomac.fr\/static\/#\/schema\/logo\/image\/\"},\"sameAs\":[\"https:\/\/www.facebook.com\/profile.php?id=61554837810833\",\"https:\/\/www.instagram.com\/backtomac.fr\/\",\"https:\/\/www.linkedin.com\/company\/94164988\/admin\/feed\/posts\/?feedType=following\"]}]}<\/script>\n<!-- \/ Yoast SEO plugin. -->","yoast_head_json":{"title":"Mentions l\u00e9gales - Backtomac","description":"Mentions l\u00e9gales - Backtomac -","robots":{"index":"index","follow":"follow","max-snippet":"max-snippet:-1","max-image-preview":"max-image-preview:large","max-video-preview":"max-video-preview:-1"},"canonical":"https:\/\/backtomac.fr\/static\/mentions-legales\/","og_locale":"en_US","og_type":"article","og_title":"Mentions l\u00e9gales - Backtomac","og_description":"Mentions l\u00e9gales - Backtomac -","og_url":"https:\/\/backtomac.fr\/static\/mentions-legales\/","og_site_name":"Backtomac","article_publisher":"https:\/\/www.facebook.com\/profile.php?id=61554837810833","article_modified_time":"2025-05-26T15:02:50+00:00","og_image":[{"width":134,"height":130,"url":"https:\/\/backtomac.fr\/static\/wp-content\/uploads\/2024\/03\/btm.png","type":"image\/png"}],"twitter_card":"summary_large_image","twitter_misc":{"Est. reading time":"1 minute"},"schema":{"@context":"https:\/\/schema.org","@graph":[{"@type":"WebPage","@id":"https:\/\/backtomac.fr\/static\/mentions-legales\/","url":"https:\/\/backtomac.fr\/static\/mentions-legales\/","name":"Mentions l\u00e9gales - Backtomac","isPartOf":{"@id":"https:\/\/backtomac.fr\/static\/#website"},"datePublished":"2024-03-29T14:43:27+00:00","dateModified":"2025-05-26T15:02:50+00:00","description":"Mentions l\u00e9gales - Backtomac -","breadcrumb":{"@id":"https:\/\/backtomac.fr\/static\/mentions-legales\/#breadcrumb"},"inLanguage":"en-US","potentialAction":[{"@type":"ReadAction","target":["https:\/\/backtomac.fr\/static\/mentions-legales\/"]}]},{"@type":"BreadcrumbList","@id":"https:\/\/backtomac.fr\/static\/mentions-legales\/#breadcrumb","itemListElement":[{"@type":"ListItem","position":1,"name":"Home","item":"https:\/\/backtomac.fr\/static\/"},{"@type":"ListItem","position":2,"name":"Mentions l\u00e9gales"}]},{"@type":"WebSite","@id":"https:\/\/backtomac.fr\/static\/#website","url":"https:\/\/backtomac.fr\/static\/","name":"Backtomac","description":"Expert en reconditionnement de Macs","publisher":{"@id":"https:\/\/backtomac.fr\/static\/#organization"},"potentialAction":[{"@type":"SearchAction","target":{"@type":"EntryPoint","urlTemplate":"https:\/\/backtomac.fr\/static\/?s={search_term_string}"},"query-input":"required name=search_term_string"}],"inLanguage":"en-US"},{"@type":"Organization","@id":"https:\/\/backtomac.fr\/static\/#organization","name":"Back To Mac","alternateName":"BTM","url":"https:\/\/backtomac.fr\/static\/","logo":{"@type":"ImageObject","inLanguage":"en-US","@id":"https:\/\/backtomac.fr\/static\/#\/schema\/logo\/image\/","url":"https:\/\/backtomac.fr\/static\/wp-content\/uploads\/2024\/03\/btm.png","contentUrl":"https:\/\/backtomac.fr\/static\/wp-content\/uploads\/2024\/03\/btm.png","width":134,"height":130,"caption":"Back To Mac"},"image":{"@id":"https:\/\/backtomac.fr\/static\/#\/schema\/logo\/image\/"},"sameAs":["https:\/\/www.facebook.com\/profile.php?id=61554837810833","https:\/\/www.instagram.com\/backtomac.fr\/","https:\/\/www.linkedin.com\/company\/94164988\/admin\/feed\/posts\/?feedType=following"]}]}},"_links":{"self":[{"href":"https:\/\/backtomac.fr\/static\/wp-json\/wp\/v2\/pages\/1983","targetHints":{"allow":["GET"]}}],"collection":[{"href":"https:\/\/backtomac.fr\/static\/wp-json\/wp\/v2\/pages"}],"about":[{"href":"https:\/\/backtomac.fr\/static\/wp-json\/wp\/v2\/types\/page"}],"author":[{"embeddable":true,"href":"https:\/\/backtomac.fr\/static\/wp-json\/wp\/v2\/users\/1"}],"replies":[{"embeddable":true,"href":"https:\/\/backtomac.fr\/static\/wp-json\/wp\/v2\/comments?post=1983"}],"version-history":[{"count":108,"href":"https:\/\/backtomac.fr\/static\/wp-json\/wp\/v2\/pages\/1983\/revisions"}],"predecessor-version":[{"id":14521,"href":"https:\/\/backtomac.fr\/static\/wp-json\/wp\/v2\/pages\/1983\/revisions\/14521"}],"wp:attachment":[{"href":"https:\/\/backtomac.fr\/static\/wp-json\/wp\/v2\/media?parent=1983"}],"curies":[{"name":"wp","href":"https:\/\/api.w.org\/{rel}","templated":true}]}}